{"id":72,"date":"2020-12-28T13:05:40","date_gmt":"2020-12-28T12:05:40","guid":{"rendered":"https:\/\/zgwiazd.pl\/blog\/?page_id=72"},"modified":"2020-12-30T12:20:36","modified_gmt":"2020-12-30T11:20:36","slug":"polityka-prywatnosci-serwisu-zgwiazd-pl","status":"publish","type":"page","link":"https:\/\/zgwiazd.pl\/blog\/polityka-prywatnosci-serwisu-zgwiazd-pl\/","title":{"rendered":"Polityka prywatno\u015bci serwisu zgwiazd.pl"},"content":{"rendered":"\n<p>Polityka prywatno\u015bci to dokument informuj\u0105cy U\u017cytkownik\u00f3w o tym, jakie dane osobowe s\u0105 o nich zbierane i jak b\u0119d\u0105 wykorzystywane podczas korzystania z serwisu www.<\/p>\n\n\n\n<!--more-->\n\n\n\n<p>Niniejsza Polityka Prywatno\u015bci okre\u015bla zasady przetwarzania i ochrony danych osobowych przekazanych przez U\u017cytkownik\u00f3w w zwi\u0105zku z korzystaniem przez nich z us\u0142ug \u015bwiadczonych przez Serwis.<\/p>\n\n\n\n<p>Administratorem danych osobowych zawartych w serwisie jest firma NetBox Software Micha\u0142 Chrz\u0105szcz z siedzib\u0105 w Siechnicach, ul. Jana Paw\u0142a II 29\/19, NIP 8961355576.<\/p>\n\n\n\n<p>W trosce o bezpiecze\u0144stwo powierzonych nam danych opracowali\u015bmy wewn\u0119trzne procedury i zalecenia, kt\u00f3re maj\u0105 zapobiec udost\u0119pnieniu danych osobom nieupowa\u017cnionym. Kontrolujemy ich wykonywanie i stale sprawdzamy ich zgodno\u015b\u0107 z odpowiednimi aktami prawnymi \u2013 ustaw\u0105 o ochronie danych osobowych, ustaw\u0105 o \u015bwiadczeniu us\u0142ug drog\u0105 elektroniczn\u0105, a tak\u017ce wszelkiego rodzaju aktach wykonawczych i aktach prawa wsp\u00f3lnotowego.<\/p>\n\n\n\n<p>Dane Osobowe przetwarzane s\u0105 na podstawie zgody wyra\u017canej przez U\u017cytkownika oraz w przypadkach, w kt\u00f3rych przepisy prawa upowa\u017cniaj\u0105 Administratora do przetwarzania danych osobowych na podstawie przepis\u00f3w prawa lub w celu realizacji zawartej pomi\u0119dzy stronami umowy.<\/p>\n\n\n\n<p>Serwis realizuje funkcje pozyskiwania informacji o u\u017cytkownikach i ich zachowaniach w nast\u0119puj\u0105cy spos\u00f3b:<\/p>\n\n\n\n<ol><li>poprzez dobrowolnie wprowadzone w formularzach informacje (dane niezb\u0119dne do wygenerowania mapy gwiazd &#8211; data, godzina, miejsce, tre\u015b\u0107),<\/li><li>poprzez gromadzenie plik\u00f3w \u201ccookies\u201d (dane niezb\u0119dne dla us\u0142ug Google Analytics),<\/li><li>poprzez rejestrowanie danych statystycznych (takich jak przegl\u0105darka, system, rozdzielczo\u015b\u0107 ekranu, tre\u015b\u0107 mapy w formularzu) na potrzeby weryfikacji dzia\u0142ania systemu i jego wykorzystania.<\/li><\/ol>\n\n\n\n<p>Serwis zbiera informacje dobrowolnie podane przez U\u017cytkownika.<\/p>\n\n\n\n<p>Dane osobowe pozostawione w serwisie nie zostan\u0105 sprzedane ani udost\u0119pnione osobom trzecim, zgodnie z przepisami Ustawy o ochronie danych osobowych.<\/p>\n\n\n\n<p>Do danych zawartych w formularzu przys\u0142uguje wgl\u0105d osobie fizycznej, kt\u00f3ra je tam umie\u015bci\u0142a. Osoba ta ma r\u00f3wnie\u017c prawo do modyfikacji i zaprzestania przetwarzania swoich danych w dowolnym momencie.<\/p>\n\n\n\n<p>Zastrzegamy sobie prawo do zmiany w polityce ochrony prywatno\u015bci serwisu, na kt\u00f3re mo\u017ce wp\u0142yn\u0105\u0107 rozw\u00f3j technologii internetowej, ewentualne zmiany prawa w zakresie ochrony danych osobowych oraz rozw\u00f3j naszego serwisu internetowego. O wszelkich zmianach b\u0119dziemy informowa\u0107 w spos\u00f3b widoczny i zrozumia\u0142y.<\/p>\n\n\n\n<p>W Serwisie mog\u0105 pojawia\u0107 si\u0119 linki do innych stron internetowych. Takie strony internetowe dzia\u0142aj\u0105 niezale\u017cnie od Serwisu i nie s\u0105 w \u017caden spos\u00f3b nadzorowane przez serwis zgwiazd.pl. Strony te mog\u0105 posiada\u0107 w\u0142asne polityki dotycz\u0105ce prywatno\u015bci oraz regulaminy, z kt\u00f3rymi zalecamy si\u0119 zapozna\u0107.<\/p>\n\n\n\n<p>W razie w\u0105tpliwo\u015bci co kt\u00f3regokolwiek z zapis\u00f3w niniejszej polityki prywatno\u015bci jeste\u015bmy do dyspozycji \u2013 zapraszamy do kontaktu.<\/p>\n","protected":false},"excerpt":{"rendered":"<p>Polityka prywatno\u015bci to dokument informuj\u0105cy U\u017cytkownik\u00f3w o tym, jakie dane osobowe s\u0105 o nich zbierane i jak b\u0119d\u0105 wykorzystywane podczas korzystania z serwisu www.<\/p>\n","protected":false},"author":1,"featured_media":0,"parent":0,"menu_order":0,"comment_status":"closed","ping_status":"closed","template":"","meta":[],"yoast_head":"<!-- This site is optimized with the Yoast SEO plugin v16.0.2 - https:\/\/yoast.com\/wordpress\/plugins\/seo\/ -->\n<title>Polityka prywatno\u015bci serwisu zgwiazd.pl - Prezent z gwiazd<\/title>\n<link rel=\"canonical\" href=\"https:\/\/zgwiazd.pl\/blog\/polityka-prywatnosci-serwisu-zgwiazd-pl\/\" \/>\n<meta property=\"og:locale\" content=\"pl_PL\" \/>\n<meta property=\"og:type\" content=\"article\" \/>\n<meta property=\"og:title\" content=\"Polityka prywatno\u015bci serwisu zgwiazd.pl - Prezent z gwiazd\" \/>\n<meta property=\"og:description\" content=\"Polityka prywatno\u015bci to dokument informuj\u0105cy U\u017cytkownik\u00f3w o tym, jakie dane osobowe s\u0105 o nich zbierane i jak b\u0119d\u0105 wykorzystywane podczas korzystania z serwisu www.\" \/>\n<meta property=\"og:url\" content=\"https:\/\/zgwiazd.pl\/blog\/polityka-prywatnosci-serwisu-zgwiazd-pl\/\" \/>\n<meta property=\"og:site_name\" content=\"Prezent z gwiazd\" \/>\n<meta property=\"article:publisher\" content=\"https:\/\/www.facebook.com\/zgwiazdPL\" \/>\n<meta property=\"article:modified_time\" content=\"2020-12-30T11:20:36+00:00\" \/>\n<meta name=\"twitter:card\" content=\"summary_large_image\" \/>\n<meta name=\"twitter:label1\" content=\"Est. reading time\">\n\t<meta name=\"twitter:data1\" content=\"2 minuty\">\n<script type=\"application\/ld+json\" class=\"yoast-schema-graph\">{\"@context\":\"https:\/\/schema.org\",\"@graph\":[{\"@type\":\"WebSite\",\"@id\":\"https:\/\/zgwiazd.pl\/blog\/#website\",\"url\":\"https:\/\/zgwiazd.pl\/blog\/\",\"name\":\"Prezent z gwiazd\",\"description\":\"Mapa gwiazd jako pomys\\u0142 na prezent\",\"potentialAction\":[{\"@type\":\"SearchAction\",\"target\":\"https:\/\/zgwiazd.pl\/blog\/?s={search_term_string}\",\"query-input\":\"required name=search_term_string\"}],\"inLanguage\":\"pl-PL\"},{\"@type\":\"WebPage\",\"@id\":\"https:\/\/zgwiazd.pl\/blog\/polityka-prywatnosci-serwisu-zgwiazd-pl\/#webpage\",\"url\":\"https:\/\/zgwiazd.pl\/blog\/polityka-prywatnosci-serwisu-zgwiazd-pl\/\",\"name\":\"Polityka prywatno\\u015bci serwisu zgwiazd.pl - Prezent z gwiazd\",\"isPartOf\":{\"@id\":\"https:\/\/zgwiazd.pl\/blog\/#website\"},\"datePublished\":\"2020-12-28T12:05:40+00:00\",\"dateModified\":\"2020-12-30T11:20:36+00:00\",\"breadcrumb\":{\"@id\":\"https:\/\/zgwiazd.pl\/blog\/polityka-prywatnosci-serwisu-zgwiazd-pl\/#breadcrumb\"},\"inLanguage\":\"pl-PL\",\"potentialAction\":[{\"@type\":\"ReadAction\",\"target\":[\"https:\/\/zgwiazd.pl\/blog\/polityka-prywatnosci-serwisu-zgwiazd-pl\/\"]}]},{\"@type\":\"BreadcrumbList\",\"@id\":\"https:\/\/zgwiazd.pl\/blog\/polityka-prywatnosci-serwisu-zgwiazd-pl\/#breadcrumb\",\"itemListElement\":[{\"@type\":\"ListItem\",\"position\":1,\"item\":{\"@type\":\"WebPage\",\"@id\":\"https:\/\/zgwiazd.pl\/blog\/\",\"url\":\"https:\/\/zgwiazd.pl\/blog\/\",\"name\":\"Home\"}},{\"@type\":\"ListItem\",\"position\":2,\"item\":{\"@type\":\"WebPage\",\"@id\":\"https:\/\/zgwiazd.pl\/blog\/polityka-prywatnosci-serwisu-zgwiazd-pl\/\",\"url\":\"https:\/\/zgwiazd.pl\/blog\/polityka-prywatnosci-serwisu-zgwiazd-pl\/\",\"name\":\"Polityka prywatno\\u015bci serwisu zgwiazd.pl\"}}]}]}<\/script>\n<!-- \/ Yoast SEO plugin. -->","_links":{"self":[{"href":"https:\/\/zgwiazd.pl\/blog\/wp-json\/wp\/v2\/pages\/72"}],"collection":[{"href":"https:\/\/zgwiazd.pl\/blog\/wp-json\/wp\/v2\/pages"}],"about":[{"href":"https:\/\/zgwiazd.pl\/blog\/wp-json\/wp\/v2\/types\/page"}],"author":[{"embeddable":true,"href":"https:\/\/zgwiazd.pl\/blog\/wp-json\/wp\/v2\/users\/1"}],"replies":[{"embeddable":true,"href":"https:\/\/zgwiazd.pl\/blog\/wp-json\/wp\/v2\/comments?post=72"}],"version-history":[{"count":4,"href":"https:\/\/zgwiazd.pl\/blog\/wp-json\/wp\/v2\/pages\/72\/revisions"}],"predecessor-version":[{"id":91,"href":"https:\/\/zgwiazd.pl\/blog\/wp-json\/wp\/v2\/pages\/72\/revisions\/91"}],"wp:attachment":[{"href":"https:\/\/zgwiazd.pl\/blog\/wp-json\/wp\/v2\/media?parent=72"}],"curies":[{"name":"wp","href":"https:\/\/api.w.org\/{rel}","templated":true}]}}