{"id":75,"date":"2020-12-28T13:07:51","date_gmt":"2020-12-28T12:07:51","guid":{"rendered":"https:\/\/zgwiazd.pl\/blog\/?page_id=75"},"modified":"2020-12-30T12:18:19","modified_gmt":"2020-12-30T11:18:19","slug":"informacje-o-cookies-w-serwisie-zgwiazd-pl","status":"publish","type":"page","link":"https:\/\/zgwiazd.pl\/blog\/informacje-o-cookies-w-serwisie-zgwiazd-pl\/","title":{"rendered":"Informacje o cookies w serwisie zgwiazd.pl"},"content":{"rendered":"\n<p>Serwis u\u017cywa plik\u00f3w cookies. Dzi\u0119ki nim mo\u017cemy dostosowa\u0107 stron\u0119 do Twoich potrzeb. Korzystanie z witryny bez zmiany ustawie\u0144 przegl\u0105darki oznacza, \u017ce pliki te b\u0119d\u0105 umieszczane w Twoim urz\u0105dzeniu.<\/p>\n\n\n\n<!--more-->\n\n\n\n<p>Do czego s\u0142u\u017c\u0105 ciasteczka w naszym serwisie? Przede wszystkim u\u017cywamy ich do cel\u00f3w statystycznych (chcemy wiedzie\u0107 jakie tre\u015bci s\u0105 dla U\u017cytkownik\u00f3w interesuj\u0105ce, jak cz\u0119sto zagl\u0105daj\u0105 na dane podstrony). <\/p>\n\n\n\n<p>Ciasteczka w serwisie wykorzystywane s\u0105 w celu dostosowania zawarto\u015bci Serwisu do preferencji U\u017cytkownika, tworzenia statystyk, dostarczania U\u017cytkownikom tre\u015bci reklamowych.<\/p>\n\n\n\n<p>Ciasteczka mog\u0105 by\u0107 zamieszczane w urz\u0105dzeniu ko\u0144cowym U\u017cytkownika i wykorzystywane zgodnie z przepisami prawa.<\/p>\n\n\n\n<p>U\u017cytkownicy serwisu mog\u0105 dokona\u0107 w ka\u017cdym czasie zmiany ustawie\u0144 dotycz\u0105cych Ciasteczek. Ustawienia te mog\u0105 zosta\u0107 zmienione w ustawieniach przegl\u0105darki zainstalowanej na urz\u0105dzeniu U\u017cytkownika.<\/p>\n\n\n\n<p>Zmiana ustawie\u0144 dotycz\u0105cych Ciasteczek mo\u017ce spowodowa\u0107 utrudnienia w korzystaniu z Serwisu.<\/p>\n\n\n\n<p>Przechowywane dane zamieszczone w urz\u0105dzeniu ko\u0144cowym U\u017cytkownika nie powoduj\u0105 zmian w urz\u0105dzeniu ko\u0144cowym U\u017cytkownika i nie s\u0105 dla niego niebezpieczne.<\/p>\n\n\n\n<p>Ciasteczka s\u0105 powszechnie stosowanym rozwi\u0105zaniem do budowania przyjaznych i spersonalizowanych serwis\u00f3w internetowych. <a rel=\"noreferrer noopener\" href=\"https:\/\/jakwylaczyccookie.pl\/\" data-type=\"URL\" data-id=\"https:\/\/jakwylaczyccookie.pl\/\" target=\"_blank\">Zobacz jak zmieni\u0107 ustawienia przegl\u0105darki dotycz\u0105ce cookies (link zewn\u0119trzny)<\/a><\/p>\n","protected":false},"excerpt":{"rendered":"<p>Serwis u\u017cywa plik\u00f3w cookies. Dzi\u0119ki nim mo\u017cemy dostosowa\u0107 stron\u0119 do Twoich potrzeb. Korzystanie z witryny bez zmiany ustawie\u0144 przegl\u0105darki oznacza, \u017ce pliki te b\u0119d\u0105 umieszczane w Twoim urz\u0105dzeniu.<\/p>\n","protected":false},"author":1,"featured_media":0,"parent":0,"menu_order":0,"comment_status":"closed","ping_status":"closed","template":"","meta":[],"yoast_head":"<!-- This site is optimized with the Yoast SEO plugin v16.0.2 - https:\/\/yoast.com\/wordpress\/plugins\/seo\/ -->\n<title>Informacje o cookies w serwisie zgwiazd.pl - Prezent z gwiazd<\/title>\n<link rel=\"canonical\" href=\"https:\/\/zgwiazd.pl\/blog\/informacje-o-cookies-w-serwisie-zgwiazd-pl\/\" \/>\n<meta property=\"og:locale\" content=\"pl_PL\" \/>\n<meta property=\"og:type\" content=\"article\" \/>\n<meta property=\"og:title\" content=\"Informacje o cookies w serwisie zgwiazd.pl - Prezent z gwiazd\" \/>\n<meta property=\"og:description\" content=\"Serwis u\u017cywa plik\u00f3w cookies. Dzi\u0119ki nim mo\u017cemy dostosowa\u0107 stron\u0119 do Twoich potrzeb. Korzystanie z witryny bez zmiany ustawie\u0144 przegl\u0105darki oznacza, \u017ce pliki te b\u0119d\u0105 umieszczane w Twoim urz\u0105dzeniu.\" \/>\n<meta property=\"og:url\" content=\"https:\/\/zgwiazd.pl\/blog\/informacje-o-cookies-w-serwisie-zgwiazd-pl\/\" \/>\n<meta property=\"og:site_name\" content=\"Prezent z gwiazd\" \/>\n<meta property=\"article:publisher\" content=\"https:\/\/www.facebook.com\/zgwiazdPL\" \/>\n<meta property=\"article:modified_time\" content=\"2020-12-30T11:18:19+00:00\" \/>\n<meta name=\"twitter:card\" content=\"summary_large_image\" \/>\n<meta name=\"twitter:label1\" content=\"Est. reading time\">\n\t<meta name=\"twitter:data1\" content=\"1 minuta\">\n<script type=\"application\/ld+json\" class=\"yoast-schema-graph\">{\"@context\":\"https:\/\/schema.org\",\"@graph\":[{\"@type\":\"WebSite\",\"@id\":\"https:\/\/zgwiazd.pl\/blog\/#website\",\"url\":\"https:\/\/zgwiazd.pl\/blog\/\",\"name\":\"Prezent z gwiazd\",\"description\":\"Mapa gwiazd jako pomys\\u0142 na prezent\",\"potentialAction\":[{\"@type\":\"SearchAction\",\"target\":\"https:\/\/zgwiazd.pl\/blog\/?s={search_term_string}\",\"query-input\":\"required name=search_term_string\"}],\"inLanguage\":\"pl-PL\"},{\"@type\":\"WebPage\",\"@id\":\"https:\/\/zgwiazd.pl\/blog\/informacje-o-cookies-w-serwisie-zgwiazd-pl\/#webpage\",\"url\":\"https:\/\/zgwiazd.pl\/blog\/informacje-o-cookies-w-serwisie-zgwiazd-pl\/\",\"name\":\"Informacje o cookies w serwisie zgwiazd.pl - Prezent z gwiazd\",\"isPartOf\":{\"@id\":\"https:\/\/zgwiazd.pl\/blog\/#website\"},\"datePublished\":\"2020-12-28T12:07:51+00:00\",\"dateModified\":\"2020-12-30T11:18:19+00:00\",\"breadcrumb\":{\"@id\":\"https:\/\/zgwiazd.pl\/blog\/informacje-o-cookies-w-serwisie-zgwiazd-pl\/#breadcrumb\"},\"inLanguage\":\"pl-PL\",\"potentialAction\":[{\"@type\":\"ReadAction\",\"target\":[\"https:\/\/zgwiazd.pl\/blog\/informacje-o-cookies-w-serwisie-zgwiazd-pl\/\"]}]},{\"@type\":\"BreadcrumbList\",\"@id\":\"https:\/\/zgwiazd.pl\/blog\/informacje-o-cookies-w-serwisie-zgwiazd-pl\/#breadcrumb\",\"itemListElement\":[{\"@type\":\"ListItem\",\"position\":1,\"item\":{\"@type\":\"WebPage\",\"@id\":\"https:\/\/zgwiazd.pl\/blog\/\",\"url\":\"https:\/\/zgwiazd.pl\/blog\/\",\"name\":\"Home\"}},{\"@type\":\"ListItem\",\"position\":2,\"item\":{\"@type\":\"WebPage\",\"@id\":\"https:\/\/zgwiazd.pl\/blog\/informacje-o-cookies-w-serwisie-zgwiazd-pl\/\",\"url\":\"https:\/\/zgwiazd.pl\/blog\/informacje-o-cookies-w-serwisie-zgwiazd-pl\/\",\"name\":\"Informacje o cookies w serwisie zgwiazd.pl\"}}]}]}<\/script>\n<!-- \/ Yoast SEO plugin. -->","_links":{"self":[{"href":"https:\/\/zgwiazd.pl\/blog\/wp-json\/wp\/v2\/pages\/75"}],"collection":[{"href":"https:\/\/zgwiazd.pl\/blog\/wp-json\/wp\/v2\/pages"}],"about":[{"href":"https:\/\/zgwiazd.pl\/blog\/wp-json\/wp\/v2\/types\/page"}],"author":[{"embeddable":true,"href":"https:\/\/zgwiazd.pl\/blog\/wp-json\/wp\/v2\/users\/1"}],"replies":[{"embeddable":true,"href":"https:\/\/zgwiazd.pl\/blog\/wp-json\/wp\/v2\/comments?post=75"}],"version-history":[{"count":2,"href":"https:\/\/zgwiazd.pl\/blog\/wp-json\/wp\/v2\/pages\/75\/revisions"}],"predecessor-version":[{"id":90,"href":"https:\/\/zgwiazd.pl\/blog\/wp-json\/wp\/v2\/pages\/75\/revisions\/90"}],"wp:attachment":[{"href":"https:\/\/zgwiazd.pl\/blog\/wp-json\/wp\/v2\/media?parent=75"}],"curies":[{"name":"wp","href":"https:\/\/api.w.org\/{rel}","templated":true}]}}